{"id":106,"date":"2019-02-20T18:38:33","date_gmt":"2019-02-20T17:38:33","guid":{"rendered":"http:\/\/www.nmpmp.archidiecezja.wroc.pl\/new\/?page_id=106"},"modified":"2026-05-03T20:25:13","modified_gmt":"2026-05-03T18:25:13","slug":"intencje-mszalne","status":"publish","type":"page","link":"http:\/\/www.nmpmp.archidiecezja.wroc.pl\/?page_id=106","title":{"rendered":"Intencje mszalne"},"content":{"rendered":"\n<p class=\"has-text-color\" style=\"color:#dc2159;font-size:48px\"><strong><span style=\"color:#a300a2\" class=\"has-inline-color\"><\/span><code><strong>INTENCJE MSZALNE OD 04.05. DO 10.05.2026<\/strong><\/code><\/strong><\/p>\n\n\n\n<figure class=\"wp-block-table\"><table><tbody><tr><td>&nbsp;<\/td><td><strong>Poniedzia\u0142ek, 4 maja\u2014wspomn. \u015bw. Floriana<\/strong><\/td><\/tr><tr><td><strong>8.00<\/strong><\/td><td>1. + Jan Zaj\u0105c gr.; <br>2. + Maria Wolnik-Kutek;<\/td><\/tr><tr><td><strong>18.30<\/strong><\/td><td>1. + Kazimiera Ocha\u0142 gr.; <br>2. + Micha\u0142 Bros gr.;<\/td><\/tr><tr><td><strong>19.30<\/strong><\/td><td>1. + Janusz Krzywor\u0105czka gr.;<\/td><\/tr><tr><td>&nbsp;<\/td><td><strong>Wtorek, 5 maja<\/strong><\/td><\/tr><tr><td><strong>8.00<\/strong><\/td><td>1. W int. Barbary\u2014o dar zdrowia, Bo\u017ce b\u0142og. i op. MB dla niej i jej Rodziny<br>2. + Kazimiera Ocha\u0142 gr.<\/td><\/tr><tr><td><strong>18.30<\/strong><\/td><td>1. ++ Cz\u0142onkowie \u017bywego R\u00f3\u017ca\u0144ca; <br>2. ++ Dusze Czy\u015b\u0107cowe; <br>3. + Micha\u0142 Bros gr.<\/td><\/tr><tr><td><strong>19.30<\/strong><\/td><td>1. + Janusz Krzywor\u0105czka gr.<\/td><\/tr><tr><td><strong>&nbsp;<\/strong><\/td><td><strong>\u015aroda, 6 maja\u2014\u015bwi\u0119to \u015bw. Aposto\u0142\u00f3w Filipa i Jakuba<\/strong><\/td><\/tr><tr><td><strong>8.00<\/strong><\/td><td>1. + Kazimiera Ocha\u0142 gr.<\/td><\/tr><tr><td><strong>18.30<\/strong><\/td><td>1. W int. Wandy Kondratowicz z ok. urodzin\u2014z pro\u015bb\u0105 o potrz. \u0142aski;<br>2. + Micha\u0142 Bros gr.;<br>3. ++ Maria i Bogus\u0142aw Strzeleccy<\/td><\/tr><tr><td><strong>19.30<\/strong><\/td><td>1. O szcz\u0119\u015bliw\u0105 operacj\u0119 i powr\u00f3t do zdrowia dla Ks. Rajmunda Pietkiewicza;<br>2. + Jan Zaj\u0105c gr.<\/td><\/tr><tr><td><strong>&nbsp;<\/strong><\/td><td><strong>Czwartek, 7 maja\u2014I czwartek miesi\u0105ca<\/strong><\/td><\/tr><tr><td><strong>8.00<\/strong><\/td><td>1. + Kazimiera Ocha\u0142 gr.; <br>2. ++ Stanis\u0142aw w 11. r. \u015bm oraz Zofia w 4. r. \u015bm.<\/td><\/tr><tr><td><strong>18.30<\/strong><\/td><td>1. Za Ojc\u00f3w Redemptoryst\u00f3w i siostry S\u0142u\u017cebniczki pracuj\u0105ce w naszej parafii; <br>2. W int. LSO oraz o nowe powo\u0142ania do Zgromadzenia Redemptoryst\u00f3w;<br>3. + Micha\u0142 Bros gr.<\/td><\/tr><tr><td><strong>19.30<\/strong><\/td><td>1. + Jan Zaj\u0105c gr.<br>2. + Stefania Der\u0119gowska\u2014w dniu urodzin<\/td><\/tr><tr><td><strong>&nbsp;<\/strong><\/td><td><strong>Pi\u0105tek, 8 maja &#8211; UROCZYSTO\u015a\u0106 \u015aW. STANIS\u0141AWA\u2014G\u0141OWNEGO PATRONA POLSKI<\/strong><\/td><\/tr><tr><td><strong>8.00<\/strong><\/td><td>1. + Kazimiera Ocha\u0142 gr.;<\/td><\/tr><tr><td><strong>18.30<\/strong><\/td><td>1. + Antoni Buza w 12. r. \u015bm., ++ Rodzice z obu stron oraz ++ Andrzej i Marcin;<br>2. + Micha\u0142 Bros gr.;<\/td><\/tr><tr><td><strong>&nbsp;<\/strong><\/td><td><strong>Sobota, 9 maja<\/strong><\/td><\/tr><tr><td><strong>8.00<\/strong><\/td><td>1. + Jan Zaj\u0105c gr.; <br>2. ++ Wies\u0142awa Przybyszewska, Bohdan Przybyszewski oraz Anna So\u0142oniewicz w kolejne r. \u015bmierci; 3. + Kazimiera Ocha\u0142<\/td><\/tr><tr><td><strong>10.30<\/strong><\/td><td><strong>I KOMUNIA \u015aWI\u0118TA<\/strong><\/td><\/tr><tr><td><strong>12.30<\/strong><\/td><td><strong>I KOMUNIA \u015aWI\u0118TA<\/strong><\/td><\/tr><tr><td><strong>18.30<\/strong><\/td><td>1. W int. Beaty z ok. 50. ur.\u2014dz. za otrz. \u0142aski z pr. o Bo\u017ce b\u0142og. i potrz. \u0142aski dla Niej i jej Rodziny; <br>2. W int. Mariana oraz Honoraty z ok. urodzin\u2014dz. za otrz. \u0142., z pr. o Bo\u017ce b\u0142., zdr.\u00a0 Bo\u017ce b\u0142. i op. MB; <br>3. W int. Zofii z ok. ur.\u2014dz. za otrz. \u0142., z pr. o Bo\u017ce b\u0142., op. MB i dobre zdr.<br>4. + Micha\u0142 Bros gr.<\/td><\/tr><tr><td><strong>&nbsp;<\/strong><\/td><td><strong>VI NIEDZIELA WIELKANOCNA, 10 maja<\/strong><\/td><\/tr><tr><td><strong>7.30<\/strong><\/td><td>1. + Kazimiera Ocha\u0142 gr.<\/td><\/tr><tr><td><strong>9.00<\/strong><\/td><td>1. + Aleksandra Bajon\u2014mc. po pogrzebie<\/td><\/tr><tr><td><strong>10.30<\/strong><\/td><td>1. W int. Renaty\u2014dzi\u0119kczynna za udzielon\u0105 przez ni\u0105 pomoc, z pr. o Bo\u017ce b\u0142og., potrz. \u0142aski oraz op. MB Pocieszenia<\/td><\/tr><tr><td><strong>12.00<\/strong><\/td><td>1. + o. Franciszek Kaczmarek<\/td><\/tr><tr><td><strong>13.45<\/strong><\/td><td>1. + Jerzy w roczn. \u015bm.<\/td><\/tr><tr><td><strong>16.00<\/strong><\/td><td>1.+ Jan Zaj\u0105c gr.<\/td><\/tr><tr><td><strong>18.30<\/strong><\/td><td>1. + Micha\u0142 Bros gr.<\/td><\/tr><tr><td><strong>20.00<\/strong><\/td><td>1. + Jagoda Kaczmarek<\/td><\/tr><\/tbody><\/table><\/figure>\n","protected":false},"excerpt":{"rendered":"<p>INTENCJE MSZALNE OD 04.05. DO 10.05.2026 &nbsp; Poniedzia\u0142ek, 4 maja\u2014wspomn. \u015bw. Floriana 8.00 1. + Jan Zaj\u0105c gr.; 2. + Maria Wolnik-Kutek; 18.30 1. + Kazimiera Ocha\u0142 gr.; 2. + Micha\u0142 Bros gr.; 19.30 1. + Janusz Krzywor\u0105czka gr.; &nbsp; Wtorek, 5 maja 8.00 1. W int. Barbary\u2014o dar zdrowia, Bo\u017ce b\u0142og. i op. MB &#8230; <a title=\"Intencje mszalne\" class=\"read-more\" href=\"http:\/\/www.nmpmp.archidiecezja.wroc.pl\/?page_id=106\">Czytaj dalej<span class=\"screen-reader-text\">Intencje mszalne<\/span><\/a><\/p>\n","protected":false},"author":101011,"featured_media":0,"parent":0,"menu_order":0,"comment_status":"closed","ping_status":"closed","template":"","meta":[],"_links":{"self":[{"href":"http:\/\/www.nmpmp.archidiecezja.wroc.pl\/index.php?rest_route=\/wp\/v2\/pages\/106"}],"collection":[{"href":"http:\/\/www.nmpmp.archidiecezja.wroc.pl\/index.php?rest_route=\/wp\/v2\/pages"}],"about":[{"href":"http:\/\/www.nmpmp.archidiecezja.wroc.pl\/index.php?rest_route=\/wp\/v2\/types\/page"}],"author":[{"embeddable":true,"href":"http:\/\/www.nmpmp.archidiecezja.wroc.pl\/index.php?rest_route=\/wp\/v2\/users\/101011"}],"replies":[{"embeddable":true,"href":"http:\/\/www.nmpmp.archidiecezja.wroc.pl\/index.php?rest_route=%2Fwp%2Fv2%2Fcomments&post=106"}],"version-history":[{"count":377,"href":"http:\/\/www.nmpmp.archidiecezja.wroc.pl\/index.php?rest_route=\/wp\/v2\/pages\/106\/revisions"}],"predecessor-version":[{"id":2266,"href":"http:\/\/www.nmpmp.archidiecezja.wroc.pl\/index.php?rest_route=\/wp\/v2\/pages\/106\/revisions\/2266"}],"wp:attachment":[{"href":"http:\/\/www.nmpmp.archidiecezja.wroc.pl\/index.php?rest_route=%2Fwp%2Fv2%2Fmedia&parent=106"}],"curies":[{"name":"wp","href":"https:\/\/api.w.org\/{rel}","templated":true}]}}