{"id":179,"date":"2019-08-21T18:16:48","date_gmt":"2019-08-21T16:16:48","guid":{"rendered":"http:\/\/www.nmpmp.archidiecezja.wroc.pl\/new\/?page_id=179"},"modified":"2024-12-07T21:08:41","modified_gmt":"2024-12-07T20:08:41","slug":"msze-swiete-i-nabozenstwa","status":"publish","type":"page","link":"http:\/\/www.nmpmp.archidiecezja.wroc.pl\/?page_id=179","title":{"rendered":"Msze \u015bwi\u0119te i nabo\u017ce\u0144stwa"},"content":{"rendered":"\n<p class=\"has-text-align-center has-text-color\" style=\"color:#0055a3\"><strong>Od 1 pa\u017adziernika do 30 czerwca<\/strong><\/p>\n\n\n\n<p class=\"has-text-color\" style=\"color:#a30003\"><strong>Msze \u015awi\u0119te w Niedziele i Uroczysto\u015bci<\/strong><\/p>\n\n\n\n<p><strong>7.30&nbsp;&nbsp;&nbsp;&nbsp;&nbsp;&nbsp;&nbsp;&nbsp;&nbsp;&nbsp;&nbsp;&nbsp;&nbsp;&nbsp;&nbsp;&nbsp; <\/strong>Msza \u015awi\u0119ta parafialna<\/p>\n\n\n\n<p><strong>9.00&nbsp;&nbsp;&nbsp;&nbsp;  &nbsp;&nbsp;&nbsp;&nbsp;&nbsp;&nbsp;&nbsp;&nbsp;&nbsp;&nbsp; <\/strong>Msza \u015awi\u0119ta parafialna&nbsp;<\/p>\n\n\n\n<p><strong>10.30&nbsp;&nbsp;  &nbsp;&nbsp;&nbsp;&nbsp;&nbsp;&nbsp;&nbsp;&nbsp;&nbsp;&nbsp; <\/strong>Msza \u015awi\u0119ta parafialna<\/p>\n\n\n\n<p><strong>12.00&nbsp;&nbsp;&nbsp;&nbsp;&nbsp;&nbsp;&nbsp;&nbsp;&nbsp;&nbsp;&nbsp;&nbsp;&nbsp;&nbsp; <\/strong>Msza \u015awi\u0119ta z udzia\u0142em dzieci \u2013 Ko\u015bci\u00f3\u0142 Bo\u017cego Cia\u0142a<\/p>\n\n\n\n<p><strong>13.45&nbsp;&nbsp;&nbsp;&nbsp;&nbsp;&nbsp;&nbsp;&nbsp;&nbsp;&nbsp;&nbsp;&nbsp;&nbsp;&nbsp; <\/strong>Msza \u015awi\u0119ta z udzieleniem Sakramentu Chrztu \u015awi\u0119tego<\/p>\n\n\n\n<p><strong>16.00&nbsp;&nbsp;&nbsp;&nbsp;&nbsp;&nbsp;&nbsp;&nbsp;&nbsp;&nbsp;&nbsp;&nbsp;&nbsp;&nbsp; <\/strong><em>(z wyj\u0105tkiem ferii \u015bwi\u0105tecznych)<\/em> \u2013 Msza \u015awi\u0119ta akademicka \u2013 Ko\u015bci\u00f3\u0142 Bo\u017cego Cia\u0142a<\/p>\n\n\n\n<p><strong>18.30&nbsp;&nbsp;&nbsp;&nbsp;&nbsp;&nbsp;&nbsp;&nbsp;&nbsp;&nbsp;&nbsp;&nbsp;&nbsp;&nbsp; <\/strong>Msza \u015awi\u0119ta parafialna<\/p>\n\n\n\n<p><strong>20.00&nbsp;&nbsp;&nbsp;&nbsp;&nbsp;&nbsp;&nbsp;&nbsp;&nbsp;&nbsp;&nbsp;&nbsp;&nbsp;&nbsp; <\/strong>Msza \u015awi\u0119ta akademicka <em>(z wyj\u0105tkiem ferii \u015bwi\u0105tecznych)<\/em> &nbsp;\u2013 Ko\u015bci\u00f3\u0142 Bo\u017cego Cia\u0142a<\/p>\n\n\n\n<p class=\"has-text-align-left\"><strong>Msze \u015awi\u0119te w dni powszednie<\/strong><\/p>\n\n\n\n<p><strong>8.00<\/strong><\/p>\n\n\n\n<p><strong>18.30\u00a0\u00a0\u00a0\u00a0\u00a0\u00a0\u00a0\u00a0\u00a0\u00a0\u00a0\u00a0\u00a0\u00a0 <\/strong><\/p>\n\n\n\n<p><strong>19.30&nbsp;&nbsp;&nbsp;&nbsp;&nbsp;&nbsp;&nbsp;&nbsp;&nbsp;&nbsp;&nbsp;&nbsp;&nbsp;&nbsp; <\/strong>Msza \u015awi\u0119ta akademicka \u2013 Ko\u015bci\u00f3\u0142 Bo\u017cego Cia\u0142a&nbsp; \u2013 opr\u00f3cz sob\u00f3t<\/p>\n\n\n\n<p class=\"has-text-align-center has-text-color\" style=\"color:#0055a3\"><strong>Od 01 lipca do 30 wrze\u015bnia<\/strong><\/p>\n\n\n\n<p class=\"has-text-align-left has-text-color\" style=\"color:#a30003\"><strong>Msze \u015awi\u0119te w Niedziele i Uroczysto\u015bci<br><\/strong><\/p>\n\n\n\n<p><strong>7.30&nbsp;&nbsp;&nbsp;&nbsp;&nbsp;&nbsp;&nbsp;&nbsp;&nbsp;&nbsp;&nbsp;&nbsp;&nbsp;&nbsp;&nbsp;&nbsp; <\/strong>Msza \u015awi\u0119ta parafialna<\/p>\n\n\n\n<p><strong>9.00&nbsp;&nbsp;&nbsp;&nbsp;&nbsp;&nbsp;&nbsp;&nbsp;&nbsp;&nbsp;&nbsp;&nbsp;&nbsp;&nbsp;&nbsp;&nbsp; <\/strong>Msza \u015awi\u0119ta parafialna<\/p>\n\n\n\n<p><strong>10.30&nbsp;&nbsp;&nbsp;&nbsp;&nbsp;&nbsp;&nbsp;&nbsp;&nbsp;&nbsp;&nbsp;&nbsp;&nbsp;&nbsp; <\/strong>Msza \u015awi\u0119ta parafialna<\/p>\n\n\n\n<p><strong>12.00&nbsp;&nbsp;&nbsp;&nbsp;&nbsp;&nbsp;&nbsp;&nbsp;&nbsp;&nbsp;&nbsp;&nbsp;&nbsp;&nbsp; <\/strong>Msza \u015awi\u0119ta parafialna<\/p>\n\n\n\n<p><strong>13.45&nbsp;&nbsp;&nbsp;&nbsp;&nbsp;&nbsp;&nbsp;&nbsp;&nbsp;&nbsp;&nbsp;&nbsp;&nbsp;&nbsp; <\/strong>Msza \u015awi\u0119ta parafialna<\/p>\n\n\n\n<p><strong>18.30&nbsp;&nbsp;&nbsp;&nbsp;&nbsp;&nbsp;&nbsp;&nbsp;&nbsp;&nbsp;&nbsp;&nbsp;&nbsp;&nbsp; <\/strong>Msza \u015awi\u0119ta parafialna<\/p>\n\n\n\n<p><strong>Msze \u015awi\u0119te w dni powszednie<\/strong><\/p>\n\n\n\n<p><strong>8.00 <\/strong><\/p>\n\n\n\n<p><strong>18.30<\/strong><\/p>\n\n\n\n<p class=\"has-text-color\" style=\"color:#6100a3\"><strong>Spowied\u017a<\/strong><\/p>\n\n\n\n<p>15 minut przed ka\u017cd\u0105 Msz\u0105 \u015awi\u0119t\u0105 i w\njej trakcie<\/p>\n\n\n\n<p class=\"has-text-align-center has-text-color has-medium-font-size\" style=\"color:#a30013\"><strong>Nabo\u017ce\u0144stwa<\/strong> <strong>w ci\u0105gu roku<\/strong><\/p>\n\n\n\n<ul><li><strong>R\u00f3\u017caniec w intencji powo\u0142a\u0144 kap\u0142a\u0144skich, zakonnych, misyjnych &#8211; <\/strong>Poniedzia\u0142ek o godz. 18.00<\/li><li><strong>Nowenna do Matki Bo\u017cej Nieustaj\u0105cej Pomocy \u2013 <\/strong>\u015aroda o godz. 18.00<\/li><li><strong>Godzinki ku czci Niepokalanego Pocz\u0119cia NMP \u2013<\/strong> Niedziela o godz. 8.30<\/li><li><strong>Nabo\u017ce\u0144stwo majowe \u2013 <\/strong>Miesi\u0105c Maj o godzinie 18.00<\/li><li><strong>Nabo\u017ce\u0144stwo czerwcowe \u2013<\/strong> Miesi\u0105c Czerwiec o godz. 18.00<\/li><li><strong>Nabo\u017ce\u0144stwo r\u00f3\u017ca\u0144cowe \u2013<\/strong> Miesi\u0105c Pa\u017adziernik o godz. 17.45<\/li><li><strong>Wypominki \u2013<\/strong> od 3 do 30 listopada o godz. 18.00<\/li><li><strong>Gorzkie \u017bale \u2013<\/strong> Ka\u017cda Niedziela Wielkiego Postu o godz. 17.45<\/li><li><strong>Droga Krzy\u017cowa \u2013<\/strong> Ka\u017cdy Pi\u0105tek Wielkiego Postu o godz.: 8.30, 17.00 (dla dzieci) , 18.00 i 19.00 (dla student\u00f3w)<\/li><\/ul>\n","protected":false},"excerpt":{"rendered":"<p>Od 1 pa\u017adziernika do 30 czerwca Msze \u015awi\u0119te w Niedziele i Uroczysto\u015bci 7.30&nbsp;&nbsp;&nbsp;&nbsp;&nbsp;&nbsp;&nbsp;&nbsp;&nbsp;&nbsp;&nbsp;&nbsp;&nbsp;&nbsp;&nbsp;&nbsp; Msza \u015awi\u0119ta parafialna 9.00&nbsp;&nbsp;&nbsp;&nbsp; &nbsp;&nbsp;&nbsp;&nbsp;&nbsp;&nbsp;&nbsp;&nbsp;&nbsp;&nbsp; Msza \u015awi\u0119ta parafialna&nbsp; 10.30&nbsp;&nbsp; &nbsp;&nbsp;&nbsp;&nbsp;&nbsp;&nbsp;&nbsp;&nbsp;&nbsp;&nbsp; Msza \u015awi\u0119ta parafialna 12.00&nbsp;&nbsp;&nbsp;&nbsp;&nbsp;&nbsp;&nbsp;&nbsp;&nbsp;&nbsp;&nbsp;&nbsp;&nbsp;&nbsp; Msza \u015awi\u0119ta z udzia\u0142em dzieci \u2013 Ko\u015bci\u00f3\u0142 Bo\u017cego Cia\u0142a 13.45&nbsp;&nbsp;&nbsp;&nbsp;&nbsp;&nbsp;&nbsp;&nbsp;&nbsp;&nbsp;&nbsp;&nbsp;&nbsp;&nbsp; Msza \u015awi\u0119ta z udzieleniem Sakramentu Chrztu \u015awi\u0119tego 16.00&nbsp;&nbsp;&nbsp;&nbsp;&nbsp;&nbsp;&nbsp;&nbsp;&nbsp;&nbsp;&nbsp;&nbsp;&nbsp;&nbsp; (z wyj\u0105tkiem ferii \u015bwi\u0105tecznych) \u2013 Msza \u015awi\u0119ta akademicka \u2013 Ko\u015bci\u00f3\u0142 &#8230; <a title=\"Msze \u015bwi\u0119te i nabo\u017ce\u0144stwa\" class=\"read-more\" href=\"http:\/\/www.nmpmp.archidiecezja.wroc.pl\/?page_id=179\">Czytaj dalej<span class=\"screen-reader-text\">Msze \u015bwi\u0119te i nabo\u017ce\u0144stwa<\/span><\/a><\/p>\n","protected":false},"author":101011,"featured_media":0,"parent":0,"menu_order":0,"comment_status":"closed","ping_status":"closed","template":"","meta":[],"_links":{"self":[{"href":"http:\/\/www.nmpmp.archidiecezja.wroc.pl\/index.php?rest_route=\/wp\/v2\/pages\/179"}],"collection":[{"href":"http:\/\/www.nmpmp.archidiecezja.wroc.pl\/index.php?rest_route=\/wp\/v2\/pages"}],"about":[{"href":"http:\/\/www.nmpmp.archidiecezja.wroc.pl\/index.php?rest_route=\/wp\/v2\/types\/page"}],"author":[{"embeddable":true,"href":"http:\/\/www.nmpmp.archidiecezja.wroc.pl\/index.php?rest_route=\/wp\/v2\/users\/101011"}],"replies":[{"embeddable":true,"href":"http:\/\/www.nmpmp.archidiecezja.wroc.pl\/index.php?rest_route=%2Fwp%2Fv2%2Fcomments&post=179"}],"version-history":[{"count":10,"href":"http:\/\/www.nmpmp.archidiecezja.wroc.pl\/index.php?rest_route=\/wp\/v2\/pages\/179\/revisions"}],"predecessor-version":[{"id":1788,"href":"http:\/\/www.nmpmp.archidiecezja.wroc.pl\/index.php?rest_route=\/wp\/v2\/pages\/179\/revisions\/1788"}],"wp:attachment":[{"href":"http:\/\/www.nmpmp.archidiecezja.wroc.pl\/index.php?rest_route=%2Fwp%2Fv2%2Fmedia&parent=179"}],"curies":[{"name":"wp","href":"https:\/\/api.w.org\/{rel}","templated":true}]}}