{"id":186,"date":"2019-08-21T18:35:39","date_gmt":"2019-08-21T16:35:39","guid":{"rendered":"http:\/\/www.nmpmp.archidiecezja.wroc.pl\/new\/?page_id=186"},"modified":"2019-08-21T18:35:41","modified_gmt":"2019-08-21T16:35:41","slug":"sakramenty","status":"publish","type":"page","link":"http:\/\/www.nmpmp.archidiecezja.wroc.pl\/?page_id=186","title":{"rendered":"Sakramenty"},"content":{"rendered":"\n<p style=\"color:#0055a3;text-align:center\" class=\"has-text-color\"><strong>SAKRAMENT CHRZTU<\/strong><\/p>\n\n\n\n<p>Wymagane dokumenty:<\/p>\n\n\n\n<p>1. Odpis Aktu Urodzenia dziecka z USC.<br>2. Odpis Aktu \u015alubu Ko\u015bcielnego rodzic\u00f3w dziecka.<br>3.  Chrzestni spoza naszej parafii przynosz\u0105 ze swoich parafii  za\u015bwiadczenie, \u017ce s\u0105 osobami praktykuj\u0105cymi i mog\u0105 by\u0107 dopuszczeni do  godno\u015bci rodzic\u00f3w chrzestnych. (nazwisko, imi\u0119, adres i wiek) wydane w  parafii ich zamieszkania <br>4. Zgoda na chrzest dziecka z parafii miejsca zamieszkania (tylko w przypadku, gdy rodzice dziecka mieszkaj\u0105 w innej parafii) <br>5. Chrzestnym mo\u017ce by\u0107 osoba, kt\u00f3ra przyj\u0119\u0142a sakrament bierzmowania i uko\u0144czy\u0142a 16 lat.<\/p>\n\n\n\n<p style=\"color:#0055a3;text-align:center\" class=\"has-text-color\"><strong>SAKRAMENT MA\u0141\u017bE\u0143STWA<\/strong><\/p>\n\n\n\n<p>Dokumenty wymagane do sakramentu ma\u0142\u017ce\u0144stwa:<\/p>\n\n\n\n<p>1. Aktualne \n\u015awiadectwa Chrztu (wa\u017cne 3 miesi\u0119cy, licz\u0105c do daty \u015blubu), kt\u00f3re \nwybieramy z parafii, w kt\u00f3rej by\u0142 chrzest. Gdyby na \u015bwiadectwie nie by\u0142o\n adnotacji o bierzmowaniu, to dodatkowo wybieramy za\u015bwiadczenie o \nbierzmowaniu z parafii, w kt\u00f3rej odby\u0142o si\u0119 bierzmowanie. <br>2. Dowody Osobiste.<br>3. Wniosek konkordatowy z USC (wa\u017cny tylko 3 miesi\u0105ce, licz\u0105c do daty \u015blubu!) lub Akt \u015alubu Cywilnego. <br>4.\n UWAGA! Nale\u017cy sprawdzi\u0107 ca\u0142kowit\u0105 zgodno\u015b\u0107 danych osobowych na \ndokumentach z poz. 1, 2 i 3 (imiona i nazwisko, data i miejsce \nurodzenia, imiona i nazwiska rodzic\u00f3w). W przypadku jakiejkolwiek \nniezgodno\u015bci, nale\u017cy prawnie skorygowa\u0107 dane w Urz\u0119dzie Cywilnym lub \nKo\u015bcielnym (tam, gdzie wyst\u0119puje b\u0142\u0105d). <br>5.\n \u015awiadectwa uko\u0144czenia Katechez Przed\u015blubnych (je\u015bli nauki przed\u015blubne \njeszcze trwaj\u0105, to nale\u017cy okaza\u0107 aktualne za\u015bwiadczenie o uczestnictwie w\n naukach).<br>6. \u015awiadectwa nauki religii z ostatniej klasy (\u015bwiadectwa szkolne z ocen\u0105 z religii lub oddzielne \u015bwiadectwa z religii). <br>7.\n Oboje narzeczeni powinni zg\u0142osi\u0107 si\u0119 z ww. dokumentami do kancelarii \nparafialnej 3 miesi\u0105ce przed terminem \u015blubu w celu sporz\u0105dzenia \nprotoko\u0142u przed\u015blubnego!!!<br><br>W dniu \u015blubu Narzeczeni wraz z dwoma \npe\u0142noletnimi \u015awiadkami powinni zg\u0142osi\u0107 si\u0119 w zakrystii ko\u015bcio\u0142a, w \nkt\u00f3rym zawierany b\u0119dzie sakrament ma\u0142\u017ce\u0144stwa na 15 min przed \nrozpocz\u0119ciem uroczysto\u015bci (wszyscy z Dowodami Osobistymi, a narzeczeni \ndodatkowo z obr\u0105czkami i kartkami od spowiedzi)<\/p>\n\n\n\n<ul><li>II cz\u0119\u015b\u0107 protoko\u0142u sporz\u0105dzana jest nie p\u00f3\u017aniej ni\u017c 2 tygodnie przed \u015blubem. <\/li><li>Rezerwacji terminu \u015blubu nale\u017cy dokona\u0107 odpowiednio wcze\u015bniej. <\/li><\/ul>\n\n\n\n<p style=\"color:#0055a3;text-align:center\" class=\"has-text-color\"><strong>POGRZEB KATOLICKI<\/strong><\/p>\n\n\n\n<p>Zg\u0142oszenia\n pogrzebu nale\u017cy dokona\u0107 w kancelarii parafii ostatniego zamieszkania \nosoby zmar\u0142ej po wcze\u015bniejszym uzgodnieniu terminu i godziny pogrzebu z \nadministracj\u0105 cmentarza (ul. Sm\u0119tnej lub innym cmentarzu we Wroc\u0142awiu) \n\/gdy kancelaria jest nieczynna, nale\u017cy dzwoni\u0107 na tel. do klasztoru 071 \n3482022\/<br>Msze \u015aw. pogrzebowe sprawowane s\u0105 w ko\u015bciele parafialnym w \ndniu pogrzebu i o ustalonej godzinie. Zach\u0119camy do wcze\u015bniejszego \nskorzystania z sakramentu pokuty w naszym ko\u015bciele podczas ka\u017cdej Mszy \n\u015bw. <br> <\/p>\n\n\n\n<p>Dokumenty wymagane do pogrzebu katolickiego:<\/p>\n\n\n\n<p>1. Akt Zgonu z USC.<br>2. Za\u015bwiadczenie o przyj\u0119ciu Sakramentu Chorych (Spowiedzi, Komunii \u015aw.) wydane przez duszpasterza lub kapelana szpitala.<br>3.\n W przypadku zmar\u0142ych, kt\u00f3rzy mieszkali poza nasz\u0105 parafi\u0105, konieczna \njest pisemna zgoda na pogrzeb z parafii ostatniego miejsca zamieszkania \nosoby zmar\u0142ej.<\/p>\n","protected":false},"excerpt":{"rendered":"<p>SAKRAMENT CHRZTU Wymagane dokumenty: 1. Odpis Aktu Urodzenia dziecka z USC.2. Odpis Aktu \u015alubu Ko\u015bcielnego rodzic\u00f3w dziecka.3. Chrzestni spoza naszej parafii przynosz\u0105 ze swoich parafii za\u015bwiadczenie, \u017ce s\u0105 osobami praktykuj\u0105cymi i mog\u0105 by\u0107 dopuszczeni do godno\u015bci rodzic\u00f3w chrzestnych. (nazwisko, imi\u0119, adres i wiek) wydane w parafii ich zamieszkania 4. Zgoda na chrzest dziecka z parafii &#8230; <a title=\"Sakramenty\" class=\"read-more\" href=\"http:\/\/www.nmpmp.archidiecezja.wroc.pl\/?page_id=186\">Czytaj dalej<span class=\"screen-reader-text\">Sakramenty<\/span><\/a><\/p>\n","protected":false},"author":101011,"featured_media":0,"parent":0,"menu_order":0,"comment_status":"closed","ping_status":"closed","template":"","meta":[],"_links":{"self":[{"href":"http:\/\/www.nmpmp.archidiecezja.wroc.pl\/index.php?rest_route=\/wp\/v2\/pages\/186"}],"collection":[{"href":"http:\/\/www.nmpmp.archidiecezja.wroc.pl\/index.php?rest_route=\/wp\/v2\/pages"}],"about":[{"href":"http:\/\/www.nmpmp.archidiecezja.wroc.pl\/index.php?rest_route=\/wp\/v2\/types\/page"}],"author":[{"embeddable":true,"href":"http:\/\/www.nmpmp.archidiecezja.wroc.pl\/index.php?rest_route=\/wp\/v2\/users\/101011"}],"replies":[{"embeddable":true,"href":"http:\/\/www.nmpmp.archidiecezja.wroc.pl\/index.php?rest_route=%2Fwp%2Fv2%2Fcomments&post=186"}],"version-history":[{"count":2,"href":"http:\/\/www.nmpmp.archidiecezja.wroc.pl\/index.php?rest_route=\/wp\/v2\/pages\/186\/revisions"}],"predecessor-version":[{"id":192,"href":"http:\/\/www.nmpmp.archidiecezja.wroc.pl\/index.php?rest_route=\/wp\/v2\/pages\/186\/revisions\/192"}],"wp:attachment":[{"href":"http:\/\/www.nmpmp.archidiecezja.wroc.pl\/index.php?rest_route=%2Fwp%2Fv2%2Fmedia&parent=186"}],"curies":[{"name":"wp","href":"https:\/\/api.w.org\/{rel}","templated":true}]}}