{"id":193,"date":"2024-12-22T23:11:00","date_gmt":"2024-12-22T22:11:00","guid":{"rendered":"http:\/\/www.nmpmp.archidiecezja.wroc.pl\/new\/?page_id=193"},"modified":"2024-12-22T23:10:10","modified_gmt":"2024-12-22T22:10:10","slug":"grupy","status":"publish","type":"page","link":"http:\/\/www.nmpmp.archidiecezja.wroc.pl\/?page_id=193","title":{"rendered":"KOL\u0118DA 2025"},"content":{"rendered":"\n<p class=\"has-text-color\" style=\"color:#00a397;font-size:21px\"><strong><u>PLAN WIZYTY DUSZPASTERSKIEJ 2025<\/u><\/strong><\/p>\n\n\n\n<div class=\"wp-block-image\"><figure class=\"alignright size-large is-resized\"><img loading=\"lazy\" src=\"http:\/\/www.nmpmp.archidiecezja.wroc.pl\/wp-content\/uploads\/2024\/12\/obraz.png\" alt=\"\" class=\"wp-image-1808\" width=\"464\" height=\"249\" srcset=\"http:\/\/www.nmpmp.archidiecezja.wroc.pl\/wp-content\/uploads\/2024\/12\/obraz.png 469w, http:\/\/www.nmpmp.archidiecezja.wroc.pl\/wp-content\/uploads\/2024\/12\/obraz-300x161.png 300w\" sizes=\"(max-width: 464px) 100vw, 464px\" \/><\/figure><\/div>\n\n\n\n<p><strong>2 STYCZNIA(czwartek) \u2013 od 16.00<\/strong><\/p>\n\n\n\n<ol type=\"1\"><li>Kazimierska 3<\/li><li>Kazimierska 5<\/li><li>Kazimierska 7 i 9<\/li><li>Kazimierska 11<\/li><li>Kazimierska 13<\/li><li>Kazimierska 17<\/li><\/ol>\n\n\n\n<p><strong>3 STYCZNIA (pi\u0105tek) &#8211; od 16.00<\/strong><\/p>\n\n\n\n<ol><li>Kazimierska 21<\/li><li>Kazimierska 23 i 25<\/li><li>Kazimierska 27 i 29<\/li><li>Wittiga<\/li><\/ol>\n\n\n\n<div class=\"wp-block-image\"><figure class=\"alignright size-large is-resized\"><img loading=\"lazy\" src=\"http:\/\/www.nmpmp.archidiecezja.wroc.pl\/wp-content\/uploads\/2024\/12\/obraz-1.png\" alt=\"\" class=\"wp-image-1809\" width=\"165\" height=\"346\"\/><\/figure><\/div>\n\n\n\n<p><strong>4 STYCZNIA (sobota) &nbsp;\u2013 od 16.00<\/strong><\/p>\n\n\n\n<ol type=\"1\"><li>Czarnoleska<\/li><li>Kossaka<\/li><li>Grottgera(parzyste)<\/li><li>Grottgera(nieparzyste) + Fa\u0142ata<\/li><li>Malczewskiego<\/li><li>Partyzant\u00f3w<\/li><\/ol>\n\n\n\n<p><strong>7 STYCZNIA (wtorek) \u2013 od 16.00<\/strong><\/p>\n\n\n\n<ol type=\"1\"><li>Pugeta 4-12(parzyste) +nieparzyste<\/li><li>Pugeta 14-42(parzyste)<\/li><li>Olszewskiego 1-32 (opr\u00f3cz 23,23ABC) + Brandta<\/li><li>Olszewskiego 23<\/li><li>Olszewskiego 23A<\/li><li>Olszewskiego 23 B<\/li><li>Olszewskiego 23 C<\/li><\/ol>\n\n\n\n<p><strong>8 STYCZNIA (\u015broda) \u2013 od 16.00<\/strong><\/p>\n\n\n\n<ol><li>Che\u0142mo\u0144skiego (parzyste)<\/li><li>Che\u0142mo\u0144skiego (nieparzyste)<\/li><li>Tramwajowa (parzyste)<\/li><li>Tramwajowa (nieparzyste)<\/li><li>Zielonego D\u0119bu<\/li><li>Wr\u00f3blewskiego<\/li><\/ol>\n\n\n\n<div class=\"wp-block-image\"><figure class=\"alignright size-large\"><img loading=\"lazy\" width=\"388\" height=\"295\" src=\"http:\/\/www.nmpmp.archidiecezja.wroc.pl\/wp-content\/uploads\/2024\/12\/obraz-2.png\" alt=\"\" class=\"wp-image-1810\" srcset=\"http:\/\/www.nmpmp.archidiecezja.wroc.pl\/wp-content\/uploads\/2024\/12\/obraz-2.png 388w, http:\/\/www.nmpmp.archidiecezja.wroc.pl\/wp-content\/uploads\/2024\/12\/obraz-2-300x228.png 300w\" sizes=\"(max-width: 388px) 100vw, 388px\" \/><\/figure><\/div>\n\n\n\n<ul><li><strong>9 STYCZNIA (czwartek) \u2013 od 16.00<\/strong><\/li><\/ul>\n\n\n\n<ol type=\"1\"><li>Siemiradzkiego (parzyste) + Ko\u017cuchowska<\/li><li>Siemiradzkiego (nieparzyste)<\/li><li>8 Maja 28-42<\/li><li>8 Maja 44-66<\/li><li>8 Maja 68-86<\/li><li>Dembowskiego<\/li><\/ol>\n\n\n\n<p><strong>10 STYCZNIA (pi\u0105tek) \u2013 od 16.00<\/strong><\/p>\n\n\n\n<ol type=\"1\"><li>Rze\u017abiarska + Biegasa + Urba\u0144skiego<\/li><li>Wiwulskiego 4-20 (parzyste)<\/li><li>Wiwulskiego 22-32 (parzyste)<\/li><li>Wiwulskiego 34-44 (parzyste)<\/li><li>Wiwulskiego 19-35 (nieparzyste)<\/li><li>Wiwulskiego 37-41 (nieparzyste)<\/li><\/ol>\n\n\n\n<p><strong><u>11 i 12 stycznia KOL\u0118DA UZUPE\u0141NIAJ\u0104CA<\/u><\/strong><\/p>\n","protected":false},"excerpt":{"rendered":"<p>PLAN WIZYTY DUSZPASTERSKIEJ 2025 2 STYCZNIA(czwartek) \u2013 od 16.00 Kazimierska 3 Kazimierska 5 Kazimierska 7 i 9 Kazimierska 11 Kazimierska 13 Kazimierska 17 3 STYCZNIA (pi\u0105tek) &#8211; od 16.00 Kazimierska 21 Kazimierska 23 i 25 Kazimierska 27 i 29 Wittiga 4 STYCZNIA (sobota) &nbsp;\u2013 od 16.00 Czarnoleska Kossaka Grottgera(parzyste) Grottgera(nieparzyste) + Fa\u0142ata Malczewskiego Partyzant\u00f3w 7 &#8230; <a title=\"KOL\u0118DA 2025\" class=\"read-more\" href=\"http:\/\/www.nmpmp.archidiecezja.wroc.pl\/?page_id=193\">Czytaj dalej<span class=\"screen-reader-text\">KOL\u0118DA 2025<\/span><\/a><\/p>\n","protected":false},"author":101011,"featured_media":0,"parent":0,"menu_order":0,"comment_status":"closed","ping_status":"closed","template":"","meta":[],"_links":{"self":[{"href":"http:\/\/www.nmpmp.archidiecezja.wroc.pl\/index.php?rest_route=\/wp\/v2\/pages\/193"}],"collection":[{"href":"http:\/\/www.nmpmp.archidiecezja.wroc.pl\/index.php?rest_route=\/wp\/v2\/pages"}],"about":[{"href":"http:\/\/www.nmpmp.archidiecezja.wroc.pl\/index.php?rest_route=\/wp\/v2\/types\/page"}],"author":[{"embeddable":true,"href":"http:\/\/www.nmpmp.archidiecezja.wroc.pl\/index.php?rest_route=\/wp\/v2\/users\/101011"}],"replies":[{"embeddable":true,"href":"http:\/\/www.nmpmp.archidiecezja.wroc.pl\/index.php?rest_route=%2Fwp%2Fv2%2Fcomments&post=193"}],"version-history":[{"count":6,"href":"http:\/\/www.nmpmp.archidiecezja.wroc.pl\/index.php?rest_route=\/wp\/v2\/pages\/193\/revisions"}],"predecessor-version":[{"id":1813,"href":"http:\/\/www.nmpmp.archidiecezja.wroc.pl\/index.php?rest_route=\/wp\/v2\/pages\/193\/revisions\/1813"}],"wp:attachment":[{"href":"http:\/\/www.nmpmp.archidiecezja.wroc.pl\/index.php?rest_route=%2Fwp%2Fv2%2Fmedia&parent=193"}],"curies":[{"name":"wp","href":"https:\/\/api.w.org\/{rel}","templated":true}]}}