{"id":30,"date":"2018-02-04T11:52:13","date_gmt":"2018-02-04T10:52:13","guid":{"rendered":"http:\/\/www.nmpmp.archidiecezja.wroc.pl\/new\/?page_id=30"},"modified":"2025-09-08T19:50:28","modified_gmt":"2025-09-08T17:50:28","slug":"rada-parafialna","status":"publish","type":"page","link":"http:\/\/www.nmpmp.archidiecezja.wroc.pl\/?page_id=30","title":{"rendered":"Rada parafialna"},"content":{"rendered":"<p><strong>Rada Parafialna jest to organ doradczy o.Proboszcza i reprezentuj\u0105cy wsp\u00f3lnot\u0119 parafialn\u0105.\u00a0 <\/strong>Ma ona na celu pomoc we wszystkich sprawach duszpasterskich w powi\u0105zaniu z ca\u0142ym ko\u015bcio\u0142em.<\/p>\n<p>Do jej zada\u0144 nale\u017cy tak\u017ce wyra\u017canie opinii w sprawach parafii, proponowanie r\u00f3\u017cnych dzia\u0142a\u0144 dotycz\u0105cych apostolatu, dzia\u0142alno\u015bci charytatywnej i integruj\u0105cej ca\u0142\u0105 wsp\u00f3lnot\u0119 parafialn\u0105.<\/p>\n<p>Rada nie jest po to, by kierowa\u0107 parafi\u0105, jednak g\u0142os doradczy ma <strong>wa\u017cn\u0105 rol\u0119 w doskonaleniu dzia\u0142ania wsp\u00f3lnoty.<\/strong> Istotnym zadaniem Radnych jest docieranie do parafian, kt\u00f3rzy s\u0105 z dala od Ko\u015bcio\u0142a, do chwiej\u0105cych si\u0119 w wierze oraz do najbardziej potrzebuj\u0105cych wsparcia tak duchowego, jak i materialnego.<\/p>\n<p>Rada powinna tak\u017ce omawia\u0107 <strong>r\u00f3\u017cne sprawy gospodarcze parafii i ko\u015bcio\u0142a.<\/strong>\u00a0 Winna by\u0107\u00a0 wsparciem w zarz\u0105dzaniu dobrami materialnymi.<\/p>\n<p>Rady parafialna podejmuje swoje zadania w duchu <strong>odpowiedzialno\u015bci za parafi\u0119<\/strong> oraz poziom \u017cycia religijnego jej cz\u0142onk\u00f3w. Stara si\u0119 pomaga\u0107 duszpasterzom w <strong>rozeznawaniu<\/strong> problem\u00f3w i wyzwa\u0144 spo\u0142eczno-religijnych.<\/p>\n<p>Zadania cz\u0142onk\u00f3w Rady Parafialnej s\u0105 wa\u017cne i wymagaj\u0105 wysi\u0142ku, wiary i zaufania Bogu. St\u0105d wa\u017cnym jest, by byli otaczani <strong>nasz\u0105 modlitw\u0105 oraz wsparciem<\/strong> przy pe\u0142nieniu przez nich tej pos\u0142ugi.<\/p>\n<p><strong>SK\u0141AD RADY PARAFIALNEJ:<\/strong><\/p>\n<ul>\n<li>o. Witold Baran<\/li>\n<li>o. Tomasz Marcinek<\/li>\n<li>o. Pawe\u0142 Zyskowski<\/li>\n<li>s. Laureta<\/li>\n<li>Ma\u0142gorzata Bojczuk<\/li>\n<li>Janusz Bu\u0142at<\/li>\n<li>Jan Czerwonka<\/li>\n<li>Joanna Durkiewicz<\/li>\n<li>Andrzej Gajda-Janiak<\/li>\n<li>Micha\u0142 Lewandowski<\/li>\n<li>Joanna \u0141ab\u0119dzka<\/li>\n<li>Marzena Maluga<\/li>\n<li>Micha\u0142 Ma\u015bluszczak<\/li>\n<li>B\u0142a\u017cej Mo\u017canowicz<\/li>\n<li>Bart\u0142omiej Nowicki<\/li>\n<li>Anna Uciechowska<\/li>\n<li>Danuta \u015aliwi\u0144ska<\/li>\n<li>Tomasz Zi\u0119ba<\/li>\n<\/ul>\n","protected":false},"excerpt":{"rendered":"<p>Rada Parafialna jest to organ doradczy o.Proboszcza i reprezentuj\u0105cy wsp\u00f3lnot\u0119 parafialn\u0105.\u00a0 Ma ona na celu pomoc we wszystkich sprawach duszpasterskich w powi\u0105zaniu z ca\u0142ym ko\u015bcio\u0142em. Do jej zada\u0144 nale\u017cy tak\u017ce wyra\u017canie opinii w sprawach parafii, proponowanie r\u00f3\u017cnych dzia\u0142a\u0144 dotycz\u0105cych apostolatu, dzia\u0142alno\u015bci charytatywnej i integruj\u0105cej ca\u0142\u0105 wsp\u00f3lnot\u0119 parafialn\u0105. Rada nie jest po to, by kierowa\u0107 parafi\u0105, &#8230; <a title=\"Rada parafialna\" class=\"read-more\" href=\"http:\/\/www.nmpmp.archidiecezja.wroc.pl\/?page_id=30\">Czytaj dalej<span class=\"screen-reader-text\">Rada parafialna<\/span><\/a><\/p>\n","protected":false},"author":1,"featured_media":0,"parent":0,"menu_order":0,"comment_status":"closed","ping_status":"closed","template":"","meta":[],"_links":{"self":[{"href":"http:\/\/www.nmpmp.archidiecezja.wroc.pl\/index.php?rest_route=\/wp\/v2\/pages\/30"}],"collection":[{"href":"http:\/\/www.nmpmp.archidiecezja.wroc.pl\/index.php?rest_route=\/wp\/v2\/pages"}],"about":[{"href":"http:\/\/www.nmpmp.archidiecezja.wroc.pl\/index.php?rest_route=\/wp\/v2\/types\/page"}],"author":[{"embeddable":true,"href":"http:\/\/www.nmpmp.archidiecezja.wroc.pl\/index.php?rest_route=\/wp\/v2\/users\/1"}],"replies":[{"embeddable":true,"href":"http:\/\/www.nmpmp.archidiecezja.wroc.pl\/index.php?rest_route=%2Fwp%2Fv2%2Fcomments&post=30"}],"version-history":[{"count":5,"href":"http:\/\/www.nmpmp.archidiecezja.wroc.pl\/index.php?rest_route=\/wp\/v2\/pages\/30\/revisions"}],"predecessor-version":[{"id":2053,"href":"http:\/\/www.nmpmp.archidiecezja.wroc.pl\/index.php?rest_route=\/wp\/v2\/pages\/30\/revisions\/2053"}],"wp:attachment":[{"href":"http:\/\/www.nmpmp.archidiecezja.wroc.pl\/index.php?rest_route=%2Fwp%2Fv2%2Fmedia&parent=30"}],"curies":[{"name":"wp","href":"https:\/\/api.w.org\/{rel}","templated":true}]}}